{"id":785,"date":"2025-09-28T21:09:13","date_gmt":"2025-09-28T20:09:13","guid":{"rendered":"https:\/\/bfairies.com\/?post_type=product&#038;p=785"},"modified":"2025-12-18T11:27:42","modified_gmt":"2025-12-18T10:27:42","slug":"huile-de-bergamote","status":"publish","type":"product","link":"https:\/\/bfairies.com\/?product=huile-de-bergamote","title":{"rendered":"Huile de bergamote"},"content":{"rendered":"<p>Plongez dans l\u2019univers des soins naturels avec l\u2019<strong>Huile de Bergamote<\/strong>, un tr\u00e9sor venu d\u2019\u00c9gypte. Extraite des zestes de bergamote, cette huile pr\u00e9cieuse est reconnue pour sa richesse en <strong>vitamine C<\/strong> et ses vertus <strong>purifiantes, apaisantes et r\u00e9g\u00e9n\u00e9rantes<\/strong>.<\/p>\n<p>\u2714 <strong>Ravive l\u2019\u00e9clat du teint<\/strong> et redonne luminosit\u00e9 \u00e0 la peau fatigu\u00e9e<br \/>\n\u2714 <strong>Purifie et assainit<\/strong> les peaux sujettes aux inflammations et imperfections<br \/>\n\u2714 <strong>Apaise et r\u00e9g\u00e9n\u00e8re<\/strong> gr\u00e2ce \u00e0 ses propri\u00e9t\u00e9s naturelles anti-inflammatoires<br \/>\n\u2714 Convient \u00e0 tous types de peaux, en particulier les peaux mixtes et grasses<\/p>\n","protected":false},"excerpt":{"rendered":"<p>Illuminez votre peau avec l\u2019<strong>Huile de Bergamote d\u2019\u00c9gypte<\/strong>. Riche en vitamine C, elle ravive l\u2019\u00e9clat, purifie et apaise les inflammations cutan\u00e9es.<\/p>\n","protected":false},"featured_media":1080,"comment_status":"open","ping_status":"closed","template":"","meta":[],"product_brand":[],"product_cat":[26],"product_tag":[],"class_list":{"0":"post-785","1":"product","2":"type-product","3":"status-publish","4":"has-post-thumbnail","6":"product_cat-natures-touch-in-every-drop","8":"first","9":"instock","10":"shipping-taxable","11":"purchasable","12":"product-type-simple"},"yoast_head":"<!-- This site is optimized with the Yoast SEO plugin v27.4 - https:\/\/yoast.com\/product\/yoast-seo-wordpress\/ -->\n<title>Huile de Bergamote d\u2019\u00c9gypte \u2013 Riche en Vitamine C - Black Fairies<\/title>\n<meta name=\"description\" content=\"Huile de Bergamote d\u2019\u00c9gypte \u2013 riche en vitamine C. Ravive l\u2019\u00e9clat de la peau, purifie et apaise les inflammations pour un teint lumineux et sain.\" \/>\n<meta name=\"robots\" content=\"index, follow, max-snippet:-1, max-image-preview:large, max-video-preview:-1\" \/>\n<link rel=\"canonical\" href=\"https:\/\/bfairies.com\/product\/huile-de-bergamote\/\" \/>\n<meta property=\"og:locale\" content=\"en_US\" \/>\n<meta property=\"og:type\" content=\"article\" \/>\n<meta property=\"og:title\" content=\"Huile de Bergamote d\u2019\u00c9gypte \u2013 Riche en Vitamine C - Black Fairies\" \/>\n<meta property=\"og:description\" content=\"Huile de Bergamote d\u2019\u00c9gypte \u2013 riche en vitamine C. Ravive l\u2019\u00e9clat de la peau, purifie et apaise les inflammations pour un teint lumineux et sain.\" \/>\n<meta property=\"og:url\" content=\"https:\/\/bfairies.com\/product\/huile-de-bergamote\/\" \/>\n<meta property=\"og:site_name\" content=\"Black Fairies\" \/>\n<meta property=\"article:modified_time\" content=\"2025-12-18T10:27:42+00:00\" \/>\n<meta property=\"og:image\" content=\"https:\/\/bfairies.com\/wp-content\/uploads\/2025\/09\/Designer-17.png\" \/>\n\t<meta property=\"og:image:width\" content=\"1024\" \/>\n\t<meta property=\"og:image:height\" content=\"1024\" \/>\n\t<meta property=\"og:image:type\" content=\"image\/png\" \/>\n<meta name=\"twitter:card\" content=\"summary_large_image\" \/>\n<meta name=\"twitter:label1\" content=\"Est. reading time\" \/>\n\t<meta name=\"twitter:data1\" content=\"1 minute\" \/>\n<script type=\"application\/ld+json\" class=\"yoast-schema-graph\">{\"@context\":\"https:\\\/\\\/schema.org\",\"@graph\":[{\"@type\":\"WebPage\",\"@id\":\"https:\\\/\\\/bfairies.com\\\/product\\\/huile-de-bergamote\\\/\",\"url\":\"https:\\\/\\\/bfairies.com\\\/product\\\/huile-de-bergamote\\\/\",\"name\":\"Huile de Bergamote d\u2019\u00c9gypte \u2013 Riche en Vitamine C - Black Fairies\",\"isPartOf\":{\"@id\":\"https:\\\/\\\/bfairies.com\\\/#website\"},\"primaryImageOfPage\":{\"@id\":\"https:\\\/\\\/bfairies.com\\\/product\\\/huile-de-bergamote\\\/#primaryimage\"},\"image\":{\"@id\":\"https:\\\/\\\/bfairies.com\\\/product\\\/huile-de-bergamote\\\/#primaryimage\"},\"thumbnailUrl\":\"https:\\\/\\\/bfairies.com\\\/wp-content\\\/uploads\\\/2025\\\/09\\\/Designer-17.png\",\"datePublished\":\"2025-09-28T20:09:13+00:00\",\"dateModified\":\"2025-12-18T10:27:42+00:00\",\"description\":\"Huile de Bergamote d\u2019\u00c9gypte \u2013 riche en vitamine C. Ravive l\u2019\u00e9clat de la peau, purifie et apaise les inflammations pour un teint lumineux et sain.\",\"breadcrumb\":{\"@id\":\"https:\\\/\\\/bfairies.com\\\/product\\\/huile-de-bergamote\\\/#breadcrumb\"},\"inLanguage\":\"en-US\",\"potentialAction\":[{\"@type\":\"ReadAction\",\"target\":[\"https:\\\/\\\/bfairies.com\\\/product\\\/huile-de-bergamote\\\/\"]}]},{\"@type\":\"ImageObject\",\"inLanguage\":\"en-US\",\"@id\":\"https:\\\/\\\/bfairies.com\\\/product\\\/huile-de-bergamote\\\/#primaryimage\",\"url\":\"https:\\\/\\\/bfairies.com\\\/wp-content\\\/uploads\\\/2025\\\/09\\\/Designer-17.png\",\"contentUrl\":\"https:\\\/\\\/bfairies.com\\\/wp-content\\\/uploads\\\/2025\\\/09\\\/Designer-17.png\",\"width\":1024,\"height\":1024},{\"@type\":\"BreadcrumbList\",\"@id\":\"https:\\\/\\\/bfairies.com\\\/product\\\/huile-de-bergamote\\\/#breadcrumb\",\"itemListElement\":[{\"@type\":\"ListItem\",\"position\":1,\"name\":\"Home\",\"item\":\"https:\\\/\\\/bfairies.com\\\/\"},{\"@type\":\"ListItem\",\"position\":2,\"name\":\"Shop\",\"item\":\"https:\\\/\\\/bfairies.com\\\/?page_id=9\"},{\"@type\":\"ListItem\",\"position\":3,\"name\":\"Huile de bergamote\"}]},{\"@type\":\"WebSite\",\"@id\":\"https:\\\/\\\/bfairies.com\\\/#website\",\"url\":\"https:\\\/\\\/bfairies.com\\\/\",\"name\":\"Black Fairies\",\"description\":\"Quality at your service\",\"potentialAction\":[{\"@type\":\"SearchAction\",\"target\":{\"@type\":\"EntryPoint\",\"urlTemplate\":\"https:\\\/\\\/bfairies.com\\\/?s={search_term_string}\"},\"query-input\":{\"@type\":\"PropertyValueSpecification\",\"valueRequired\":true,\"valueName\":\"search_term_string\"}}],\"inLanguage\":\"en-US\"}]}<\/script>\n<!-- \/ Yoast SEO plugin. -->","yoast_head_json":{"title":"Huile de Bergamote d\u2019\u00c9gypte \u2013 Riche en Vitamine C - Black Fairies","description":"Huile de Bergamote d\u2019\u00c9gypte \u2013 riche en vitamine C. Ravive l\u2019\u00e9clat de la peau, purifie et apaise les inflammations pour un teint lumineux et sain.","robots":{"index":"index","follow":"follow","max-snippet":"max-snippet:-1","max-image-preview":"max-image-preview:large","max-video-preview":"max-video-preview:-1"},"canonical":"https:\/\/bfairies.com\/product\/huile-de-bergamote\/","og_locale":"en_US","og_type":"article","og_title":"Huile de Bergamote d\u2019\u00c9gypte \u2013 Riche en Vitamine C - Black Fairies","og_description":"Huile de Bergamote d\u2019\u00c9gypte \u2013 riche en vitamine C. Ravive l\u2019\u00e9clat de la peau, purifie et apaise les inflammations pour un teint lumineux et sain.","og_url":"https:\/\/bfairies.com\/product\/huile-de-bergamote\/","og_site_name":"Black Fairies","article_modified_time":"2025-12-18T10:27:42+00:00","og_image":[{"width":1024,"height":1024,"url":"https:\/\/bfairies.com\/wp-content\/uploads\/2025\/09\/Designer-17.png","type":"image\/png"}],"twitter_card":"summary_large_image","twitter_misc":{"Est. reading time":"1 minute"},"schema":{"@context":"https:\/\/schema.org","@graph":[{"@type":"WebPage","@id":"https:\/\/bfairies.com\/product\/huile-de-bergamote\/","url":"https:\/\/bfairies.com\/product\/huile-de-bergamote\/","name":"Huile de Bergamote d\u2019\u00c9gypte \u2013 Riche en Vitamine C - Black Fairies","isPartOf":{"@id":"https:\/\/bfairies.com\/#website"},"primaryImageOfPage":{"@id":"https:\/\/bfairies.com\/product\/huile-de-bergamote\/#primaryimage"},"image":{"@id":"https:\/\/bfairies.com\/product\/huile-de-bergamote\/#primaryimage"},"thumbnailUrl":"https:\/\/bfairies.com\/wp-content\/uploads\/2025\/09\/Designer-17.png","datePublished":"2025-09-28T20:09:13+00:00","dateModified":"2025-12-18T10:27:42+00:00","description":"Huile de Bergamote d\u2019\u00c9gypte \u2013 riche en vitamine C. Ravive l\u2019\u00e9clat de la peau, purifie et apaise les inflammations pour un teint lumineux et sain.","breadcrumb":{"@id":"https:\/\/bfairies.com\/product\/huile-de-bergamote\/#breadcrumb"},"inLanguage":"en-US","potentialAction":[{"@type":"ReadAction","target":["https:\/\/bfairies.com\/product\/huile-de-bergamote\/"]}]},{"@type":"ImageObject","inLanguage":"en-US","@id":"https:\/\/bfairies.com\/product\/huile-de-bergamote\/#primaryimage","url":"https:\/\/bfairies.com\/wp-content\/uploads\/2025\/09\/Designer-17.png","contentUrl":"https:\/\/bfairies.com\/wp-content\/uploads\/2025\/09\/Designer-17.png","width":1024,"height":1024},{"@type":"BreadcrumbList","@id":"https:\/\/bfairies.com\/product\/huile-de-bergamote\/#breadcrumb","itemListElement":[{"@type":"ListItem","position":1,"name":"Home","item":"https:\/\/bfairies.com\/"},{"@type":"ListItem","position":2,"name":"Shop","item":"https:\/\/bfairies.com\/?page_id=9"},{"@type":"ListItem","position":3,"name":"Huile de bergamote"}]},{"@type":"WebSite","@id":"https:\/\/bfairies.com\/#website","url":"https:\/\/bfairies.com\/","name":"Black Fairies","description":"Quality at your service","potentialAction":[{"@type":"SearchAction","target":{"@type":"EntryPoint","urlTemplate":"https:\/\/bfairies.com\/?s={search_term_string}"},"query-input":{"@type":"PropertyValueSpecification","valueRequired":true,"valueName":"search_term_string"}}],"inLanguage":"en-US"}]}},"_links":{"self":[{"href":"https:\/\/bfairies.com\/index.php?rest_route=\/wp\/v2\/product\/785","targetHints":{"allow":["GET"]}}],"collection":[{"href":"https:\/\/bfairies.com\/index.php?rest_route=\/wp\/v2\/product"}],"about":[{"href":"https:\/\/bfairies.com\/index.php?rest_route=\/wp\/v2\/types\/product"}],"replies":[{"embeddable":true,"href":"https:\/\/bfairies.com\/index.php?rest_route=%2Fwp%2Fv2%2Fcomments&post=785"}],"wp:featuredmedia":[{"embeddable":true,"href":"https:\/\/bfairies.com\/index.php?rest_route=\/wp\/v2\/media\/1080"}],"wp:attachment":[{"href":"https:\/\/bfairies.com\/index.php?rest_route=%2Fwp%2Fv2%2Fmedia&parent=785"}],"wp:term":[{"taxonomy":"product_brand","embeddable":true,"href":"https:\/\/bfairies.com\/index.php?rest_route=%2Fwp%2Fv2%2Fproduct_brand&post=785"},{"taxonomy":"product_cat","embeddable":true,"href":"https:\/\/bfairies.com\/index.php?rest_route=%2Fwp%2Fv2%2Fproduct_cat&post=785"},{"taxonomy":"product_tag","embeddable":true,"href":"https:\/\/bfairies.com\/index.php?rest_route=%2Fwp%2Fv2%2Fproduct_tag&post=785"}],"curies":[{"name":"wp","href":"https:\/\/api.w.org\/{rel}","templated":true}]}}