{"id":777,"date":"2025-09-28T20:17:26","date_gmt":"2025-09-28T19:17:26","guid":{"rendered":"https:\/\/bfairies.com\/?post_type=product&#038;p=777"},"modified":"2025-12-18T11:35:19","modified_gmt":"2025-12-18T10:35:19","slug":"feuilles-de-framboisie","status":"publish","type":"product","link":"https:\/\/bfairies.com\/?product=feuilles-de-framboisie","title":{"rendered":"Feuilles de framboisie"},"content":{"rendered":"<p>Un autre alli\u00e9 de la femme pour les maux lors de menstruations \ud83e\ude78 et pour tonifier l\u2019ut\u00e9rus et le pr\u00e9parer \u00e0 l\u2019accouchement<\/p>\n","protected":false},"excerpt":{"rendered":"<p>Un autre alli\u00e9 de la femme pour les maux lors de menstruations \ud83e\ude78 et pour tonifier l\u2019ut\u00e9rus et le pr\u00e9parer \u00e0 l\u2019accouchement<\/p>\n","protected":false},"featured_media":1081,"comment_status":"open","ping_status":"closed","template":"","meta":[],"product_brand":[],"product_cat":[24],"product_tag":[],"class_list":{"0":"post-777","1":"product","2":"type-product","3":"status-publish","4":"has-post-thumbnail","6":"product_cat-rooted-in-nature-grown-for-you","8":"first","9":"instock","10":"shipping-taxable","11":"purchasable","12":"product-type-simple"},"yoast_head":"<!-- This site is optimized with the Yoast SEO plugin v27.4 - https:\/\/yoast.com\/product\/yoast-seo-wordpress\/ -->\n<title>Feuilles de framboisie - Black Fairies<\/title>\n<meta name=\"description\" content=\"Feuilles de framboisier \u2013 alli\u00e9 naturel f\u00e9minin. Soulage les r\u00e8gles douloureuses, tonifie l\u2019ut\u00e9rus et pr\u00e9pare en douceur \u00e0 l\u2019accouchement\" \/>\n<meta name=\"robots\" content=\"index, follow, max-snippet:-1, max-image-preview:large, max-video-preview:-1\" \/>\n<link rel=\"canonical\" href=\"https:\/\/bfairies.com\/product\/feuilles-de-framboisie\/\" \/>\n<meta property=\"og:locale\" content=\"en_US\" \/>\n<meta property=\"og:type\" content=\"article\" \/>\n<meta property=\"og:title\" content=\"Feuilles de framboisie - Black Fairies\" \/>\n<meta property=\"og:description\" content=\"Feuilles de framboisier \u2013 alli\u00e9 naturel f\u00e9minin. Soulage les r\u00e8gles douloureuses, tonifie l\u2019ut\u00e9rus et pr\u00e9pare en douceur \u00e0 l\u2019accouchement\" \/>\n<meta property=\"og:url\" content=\"https:\/\/bfairies.com\/product\/feuilles-de-framboisie\/\" \/>\n<meta property=\"og:site_name\" content=\"Black Fairies\" \/>\n<meta property=\"article:modified_time\" content=\"2025-12-18T10:35:19+00:00\" \/>\n<meta property=\"og:image\" content=\"https:\/\/bfairies.com\/wp-content\/uploads\/2025\/09\/Designer-18.png\" \/>\n\t<meta property=\"og:image:width\" content=\"1024\" \/>\n\t<meta property=\"og:image:height\" content=\"1024\" \/>\n\t<meta property=\"og:image:type\" content=\"image\/png\" \/>\n<meta name=\"twitter:card\" content=\"summary_large_image\" \/>\n<meta name=\"twitter:label1\" content=\"Est. reading time\" \/>\n\t<meta name=\"twitter:data1\" content=\"1 minute\" \/>\n<script type=\"application\/ld+json\" class=\"yoast-schema-graph\">{\"@context\":\"https:\\\/\\\/schema.org\",\"@graph\":[{\"@type\":\"WebPage\",\"@id\":\"https:\\\/\\\/bfairies.com\\\/product\\\/feuilles-de-framboisie\\\/\",\"url\":\"https:\\\/\\\/bfairies.com\\\/product\\\/feuilles-de-framboisie\\\/\",\"name\":\"Feuilles de framboisie - Black Fairies\",\"isPartOf\":{\"@id\":\"https:\\\/\\\/bfairies.com\\\/#website\"},\"primaryImageOfPage\":{\"@id\":\"https:\\\/\\\/bfairies.com\\\/product\\\/feuilles-de-framboisie\\\/#primaryimage\"},\"image\":{\"@id\":\"https:\\\/\\\/bfairies.com\\\/product\\\/feuilles-de-framboisie\\\/#primaryimage\"},\"thumbnailUrl\":\"https:\\\/\\\/bfairies.com\\\/wp-content\\\/uploads\\\/2025\\\/09\\\/Designer-18.png\",\"datePublished\":\"2025-09-28T19:17:26+00:00\",\"dateModified\":\"2025-12-18T10:35:19+00:00\",\"description\":\"Feuilles de framboisier \u2013 alli\u00e9 naturel f\u00e9minin. Soulage les r\u00e8gles douloureuses, tonifie l\u2019ut\u00e9rus et pr\u00e9pare en douceur \u00e0 l\u2019accouchement\",\"breadcrumb\":{\"@id\":\"https:\\\/\\\/bfairies.com\\\/product\\\/feuilles-de-framboisie\\\/#breadcrumb\"},\"inLanguage\":\"en-US\",\"potentialAction\":[{\"@type\":\"ReadAction\",\"target\":[\"https:\\\/\\\/bfairies.com\\\/product\\\/feuilles-de-framboisie\\\/\"]}]},{\"@type\":\"ImageObject\",\"inLanguage\":\"en-US\",\"@id\":\"https:\\\/\\\/bfairies.com\\\/product\\\/feuilles-de-framboisie\\\/#primaryimage\",\"url\":\"https:\\\/\\\/bfairies.com\\\/wp-content\\\/uploads\\\/2025\\\/09\\\/Designer-18.png\",\"contentUrl\":\"https:\\\/\\\/bfairies.com\\\/wp-content\\\/uploads\\\/2025\\\/09\\\/Designer-18.png\",\"width\":1024,\"height\":1024},{\"@type\":\"BreadcrumbList\",\"@id\":\"https:\\\/\\\/bfairies.com\\\/product\\\/feuilles-de-framboisie\\\/#breadcrumb\",\"itemListElement\":[{\"@type\":\"ListItem\",\"position\":1,\"name\":\"Home\",\"item\":\"https:\\\/\\\/bfairies.com\\\/\"},{\"@type\":\"ListItem\",\"position\":2,\"name\":\"Shop\",\"item\":\"https:\\\/\\\/bfairies.com\\\/?page_id=9\"},{\"@type\":\"ListItem\",\"position\":3,\"name\":\"Feuilles de framboisie\"}]},{\"@type\":\"WebSite\",\"@id\":\"https:\\\/\\\/bfairies.com\\\/#website\",\"url\":\"https:\\\/\\\/bfairies.com\\\/\",\"name\":\"Black Fairies\",\"description\":\"Quality at your service\",\"potentialAction\":[{\"@type\":\"SearchAction\",\"target\":{\"@type\":\"EntryPoint\",\"urlTemplate\":\"https:\\\/\\\/bfairies.com\\\/?s={search_term_string}\"},\"query-input\":{\"@type\":\"PropertyValueSpecification\",\"valueRequired\":true,\"valueName\":\"search_term_string\"}}],\"inLanguage\":\"en-US\"}]}<\/script>\n<!-- \/ Yoast SEO plugin. -->","yoast_head_json":{"title":"Feuilles de framboisie - Black Fairies","description":"Feuilles de framboisier \u2013 alli\u00e9 naturel f\u00e9minin. Soulage les r\u00e8gles douloureuses, tonifie l\u2019ut\u00e9rus et pr\u00e9pare en douceur \u00e0 l\u2019accouchement","robots":{"index":"index","follow":"follow","max-snippet":"max-snippet:-1","max-image-preview":"max-image-preview:large","max-video-preview":"max-video-preview:-1"},"canonical":"https:\/\/bfairies.com\/product\/feuilles-de-framboisie\/","og_locale":"en_US","og_type":"article","og_title":"Feuilles de framboisie - Black Fairies","og_description":"Feuilles de framboisier \u2013 alli\u00e9 naturel f\u00e9minin. Soulage les r\u00e8gles douloureuses, tonifie l\u2019ut\u00e9rus et pr\u00e9pare en douceur \u00e0 l\u2019accouchement","og_url":"https:\/\/bfairies.com\/product\/feuilles-de-framboisie\/","og_site_name":"Black Fairies","article_modified_time":"2025-12-18T10:35:19+00:00","og_image":[{"width":1024,"height":1024,"url":"https:\/\/bfairies.com\/wp-content\/uploads\/2025\/09\/Designer-18.png","type":"image\/png"}],"twitter_card":"summary_large_image","twitter_misc":{"Est. reading time":"1 minute"},"schema":{"@context":"https:\/\/schema.org","@graph":[{"@type":"WebPage","@id":"https:\/\/bfairies.com\/product\/feuilles-de-framboisie\/","url":"https:\/\/bfairies.com\/product\/feuilles-de-framboisie\/","name":"Feuilles de framboisie - Black Fairies","isPartOf":{"@id":"https:\/\/bfairies.com\/#website"},"primaryImageOfPage":{"@id":"https:\/\/bfairies.com\/product\/feuilles-de-framboisie\/#primaryimage"},"image":{"@id":"https:\/\/bfairies.com\/product\/feuilles-de-framboisie\/#primaryimage"},"thumbnailUrl":"https:\/\/bfairies.com\/wp-content\/uploads\/2025\/09\/Designer-18.png","datePublished":"2025-09-28T19:17:26+00:00","dateModified":"2025-12-18T10:35:19+00:00","description":"Feuilles de framboisier \u2013 alli\u00e9 naturel f\u00e9minin. Soulage les r\u00e8gles douloureuses, tonifie l\u2019ut\u00e9rus et pr\u00e9pare en douceur \u00e0 l\u2019accouchement","breadcrumb":{"@id":"https:\/\/bfairies.com\/product\/feuilles-de-framboisie\/#breadcrumb"},"inLanguage":"en-US","potentialAction":[{"@type":"ReadAction","target":["https:\/\/bfairies.com\/product\/feuilles-de-framboisie\/"]}]},{"@type":"ImageObject","inLanguage":"en-US","@id":"https:\/\/bfairies.com\/product\/feuilles-de-framboisie\/#primaryimage","url":"https:\/\/bfairies.com\/wp-content\/uploads\/2025\/09\/Designer-18.png","contentUrl":"https:\/\/bfairies.com\/wp-content\/uploads\/2025\/09\/Designer-18.png","width":1024,"height":1024},{"@type":"BreadcrumbList","@id":"https:\/\/bfairies.com\/product\/feuilles-de-framboisie\/#breadcrumb","itemListElement":[{"@type":"ListItem","position":1,"name":"Home","item":"https:\/\/bfairies.com\/"},{"@type":"ListItem","position":2,"name":"Shop","item":"https:\/\/bfairies.com\/?page_id=9"},{"@type":"ListItem","position":3,"name":"Feuilles de framboisie"}]},{"@type":"WebSite","@id":"https:\/\/bfairies.com\/#website","url":"https:\/\/bfairies.com\/","name":"Black Fairies","description":"Quality at your service","potentialAction":[{"@type":"SearchAction","target":{"@type":"EntryPoint","urlTemplate":"https:\/\/bfairies.com\/?s={search_term_string}"},"query-input":{"@type":"PropertyValueSpecification","valueRequired":true,"valueName":"search_term_string"}}],"inLanguage":"en-US"}]}},"_links":{"self":[{"href":"https:\/\/bfairies.com\/index.php?rest_route=\/wp\/v2\/product\/777","targetHints":{"allow":["GET"]}}],"collection":[{"href":"https:\/\/bfairies.com\/index.php?rest_route=\/wp\/v2\/product"}],"about":[{"href":"https:\/\/bfairies.com\/index.php?rest_route=\/wp\/v2\/types\/product"}],"replies":[{"embeddable":true,"href":"https:\/\/bfairies.com\/index.php?rest_route=%2Fwp%2Fv2%2Fcomments&post=777"}],"wp:featuredmedia":[{"embeddable":true,"href":"https:\/\/bfairies.com\/index.php?rest_route=\/wp\/v2\/media\/1081"}],"wp:attachment":[{"href":"https:\/\/bfairies.com\/index.php?rest_route=%2Fwp%2Fv2%2Fmedia&parent=777"}],"wp:term":[{"taxonomy":"product_brand","embeddable":true,"href":"https:\/\/bfairies.com\/index.php?rest_route=%2Fwp%2Fv2%2Fproduct_brand&post=777"},{"taxonomy":"product_cat","embeddable":true,"href":"https:\/\/bfairies.com\/index.php?rest_route=%2Fwp%2Fv2%2Fproduct_cat&post=777"},{"taxonomy":"product_tag","embeddable":true,"href":"https:\/\/bfairies.com\/index.php?rest_route=%2Fwp%2Fv2%2Fproduct_tag&post=777"}],"curies":[{"name":"wp","href":"https:\/\/api.w.org\/{rel}","templated":true}]}}