{"id":63,"date":"2025-07-16T10:02:31","date_gmt":"2025-07-16T09:02:31","guid":{"rendered":"https:\/\/bfairies.com\/?post_type=product&#038;p=63"},"modified":"2025-09-03T17:11:41","modified_gmt":"2025-09-03T16:11:41","slug":"deluxe-wellness-bundle","status":"publish","type":"product","link":"https:\/\/bfairies.com\/?product=deluxe-wellness-bundle","title":{"rendered":"Deluxe Wellness Bundle"},"content":{"rendered":"<p>Offrez \u00e0 votre peau un \u00e9clat naturel avec <strong>Glow\u00e9a<\/strong>, le s\u00e9rum visage enrichi en extraits botaniques et en vitamine C. Con\u00e7u pour hydrater, unifier le teint et r\u00e9duire l\u2019apparence des taches, ce soin l\u00e9ger p\u00e9n\u00e8tre rapidement pour r\u00e9v\u00e9ler une peau douce, lumineuse et visiblement plus saine.<\/p>\n","protected":false},"excerpt":{"rendered":"<p><span class=\"OYPEnA font-feature-liga-off font-feature-clig-off font-feature-calt-off text-decoration-none text-strikethrough-none\">Shea butter, Oils, tea blends, face mask &amp;more<\/span><\/p>\n","protected":false},"featured_media":64,"comment_status":"open","ping_status":"closed","template":"","meta":[],"product_brand":[],"product_cat":[24,25,26,15],"product_tag":[],"class_list":{"0":"post-63","1":"product","2":"type-product","3":"status-publish","4":"has-post-thumbnail","6":"product_cat-rooted-in-nature-grown-for-you","7":"product_cat-butter-your-skin-with-nature","8":"product_cat-natures-touch-in-every-drop","9":"product_cat-uncategorized","11":"first","12":"instock","13":"sale","14":"shipping-taxable","15":"purchasable","16":"product-type-simple"},"yoast_head":"<!-- This site is optimized with the Yoast SEO plugin v27.4 - https:\/\/yoast.com\/product\/yoast-seo-wordpress\/ -->\n<title>Deluxe Wellness Bundle - Black Fairies<\/title>\n<meta name=\"robots\" content=\"index, follow, max-snippet:-1, max-image-preview:large, max-video-preview:-1\" \/>\n<link rel=\"canonical\" href=\"https:\/\/bfairies.com\/product\/deluxe-wellness-bundle\/\" \/>\n<meta property=\"og:locale\" content=\"en_US\" \/>\n<meta property=\"og:type\" content=\"article\" \/>\n<meta property=\"og:title\" content=\"Deluxe Wellness Bundle - Black Fairies\" \/>\n<meta property=\"og:description\" content=\"Shea butter, Oils, tea blends, face mask &amp;more\" \/>\n<meta property=\"og:url\" content=\"https:\/\/bfairies.com\/product\/deluxe-wellness-bundle\/\" \/>\n<meta property=\"og:site_name\" content=\"Black Fairies\" \/>\n<meta property=\"article:modified_time\" content=\"2025-09-03T16:11:41+00:00\" \/>\n<meta property=\"og:image\" content=\"https:\/\/bfairies.com\/wp-content\/uploads\/2025\/07\/Copilot_20250604_103638.png\" \/>\n\t<meta property=\"og:image:width\" content=\"1024\" \/>\n\t<meta property=\"og:image:height\" content=\"1536\" \/>\n\t<meta property=\"og:image:type\" content=\"image\/png\" \/>\n<meta name=\"twitter:card\" content=\"summary_large_image\" \/>\n<script type=\"application\/ld+json\" class=\"yoast-schema-graph\">{\"@context\":\"https:\\\/\\\/schema.org\",\"@graph\":[{\"@type\":\"WebPage\",\"@id\":\"https:\\\/\\\/bfairies.com\\\/product\\\/deluxe-wellness-bundle\\\/\",\"url\":\"https:\\\/\\\/bfairies.com\\\/product\\\/deluxe-wellness-bundle\\\/\",\"name\":\"Deluxe Wellness Bundle - Black Fairies\",\"isPartOf\":{\"@id\":\"https:\\\/\\\/bfairies.com\\\/#website\"},\"primaryImageOfPage\":{\"@id\":\"https:\\\/\\\/bfairies.com\\\/product\\\/deluxe-wellness-bundle\\\/#primaryimage\"},\"image\":{\"@id\":\"https:\\\/\\\/bfairies.com\\\/product\\\/deluxe-wellness-bundle\\\/#primaryimage\"},\"thumbnailUrl\":\"https:\\\/\\\/bfairies.com\\\/wp-content\\\/uploads\\\/2025\\\/07\\\/Copilot_20250604_103638.png\",\"datePublished\":\"2025-07-16T09:02:31+00:00\",\"dateModified\":\"2025-09-03T16:11:41+00:00\",\"breadcrumb\":{\"@id\":\"https:\\\/\\\/bfairies.com\\\/product\\\/deluxe-wellness-bundle\\\/#breadcrumb\"},\"inLanguage\":\"en-US\",\"potentialAction\":[{\"@type\":\"ReadAction\",\"target\":[\"https:\\\/\\\/bfairies.com\\\/product\\\/deluxe-wellness-bundle\\\/\"]}]},{\"@type\":\"ImageObject\",\"inLanguage\":\"en-US\",\"@id\":\"https:\\\/\\\/bfairies.com\\\/product\\\/deluxe-wellness-bundle\\\/#primaryimage\",\"url\":\"https:\\\/\\\/bfairies.com\\\/wp-content\\\/uploads\\\/2025\\\/07\\\/Copilot_20250604_103638.png\",\"contentUrl\":\"https:\\\/\\\/bfairies.com\\\/wp-content\\\/uploads\\\/2025\\\/07\\\/Copilot_20250604_103638.png\",\"width\":1024,\"height\":1536},{\"@type\":\"BreadcrumbList\",\"@id\":\"https:\\\/\\\/bfairies.com\\\/product\\\/deluxe-wellness-bundle\\\/#breadcrumb\",\"itemListElement\":[{\"@type\":\"ListItem\",\"position\":1,\"name\":\"Home\",\"item\":\"https:\\\/\\\/bfairies.com\\\/\"},{\"@type\":\"ListItem\",\"position\":2,\"name\":\"Shop\",\"item\":\"https:\\\/\\\/bfairies.com\\\/?page_id=9\"},{\"@type\":\"ListItem\",\"position\":3,\"name\":\"Deluxe Wellness Bundle\"}]},{\"@type\":\"WebSite\",\"@id\":\"https:\\\/\\\/bfairies.com\\\/#website\",\"url\":\"https:\\\/\\\/bfairies.com\\\/\",\"name\":\"Black Fairies\",\"description\":\"Quality at your service\",\"potentialAction\":[{\"@type\":\"SearchAction\",\"target\":{\"@type\":\"EntryPoint\",\"urlTemplate\":\"https:\\\/\\\/bfairies.com\\\/?s={search_term_string}\"},\"query-input\":{\"@type\":\"PropertyValueSpecification\",\"valueRequired\":true,\"valueName\":\"search_term_string\"}}],\"inLanguage\":\"en-US\"}]}<\/script>\n<!-- \/ Yoast SEO plugin. -->","yoast_head_json":{"title":"Deluxe Wellness Bundle - Black Fairies","robots":{"index":"index","follow":"follow","max-snippet":"max-snippet:-1","max-image-preview":"max-image-preview:large","max-video-preview":"max-video-preview:-1"},"canonical":"https:\/\/bfairies.com\/product\/deluxe-wellness-bundle\/","og_locale":"en_US","og_type":"article","og_title":"Deluxe Wellness Bundle - Black Fairies","og_description":"Shea butter, Oils, tea blends, face mask &amp;more","og_url":"https:\/\/bfairies.com\/product\/deluxe-wellness-bundle\/","og_site_name":"Black Fairies","article_modified_time":"2025-09-03T16:11:41+00:00","og_image":[{"width":1024,"height":1536,"url":"https:\/\/bfairies.com\/wp-content\/uploads\/2025\/07\/Copilot_20250604_103638.png","type":"image\/png"}],"twitter_card":"summary_large_image","schema":{"@context":"https:\/\/schema.org","@graph":[{"@type":"WebPage","@id":"https:\/\/bfairies.com\/product\/deluxe-wellness-bundle\/","url":"https:\/\/bfairies.com\/product\/deluxe-wellness-bundle\/","name":"Deluxe Wellness Bundle - Black Fairies","isPartOf":{"@id":"https:\/\/bfairies.com\/#website"},"primaryImageOfPage":{"@id":"https:\/\/bfairies.com\/product\/deluxe-wellness-bundle\/#primaryimage"},"image":{"@id":"https:\/\/bfairies.com\/product\/deluxe-wellness-bundle\/#primaryimage"},"thumbnailUrl":"https:\/\/bfairies.com\/wp-content\/uploads\/2025\/07\/Copilot_20250604_103638.png","datePublished":"2025-07-16T09:02:31+00:00","dateModified":"2025-09-03T16:11:41+00:00","breadcrumb":{"@id":"https:\/\/bfairies.com\/product\/deluxe-wellness-bundle\/#breadcrumb"},"inLanguage":"en-US","potentialAction":[{"@type":"ReadAction","target":["https:\/\/bfairies.com\/product\/deluxe-wellness-bundle\/"]}]},{"@type":"ImageObject","inLanguage":"en-US","@id":"https:\/\/bfairies.com\/product\/deluxe-wellness-bundle\/#primaryimage","url":"https:\/\/bfairies.com\/wp-content\/uploads\/2025\/07\/Copilot_20250604_103638.png","contentUrl":"https:\/\/bfairies.com\/wp-content\/uploads\/2025\/07\/Copilot_20250604_103638.png","width":1024,"height":1536},{"@type":"BreadcrumbList","@id":"https:\/\/bfairies.com\/product\/deluxe-wellness-bundle\/#breadcrumb","itemListElement":[{"@type":"ListItem","position":1,"name":"Home","item":"https:\/\/bfairies.com\/"},{"@type":"ListItem","position":2,"name":"Shop","item":"https:\/\/bfairies.com\/?page_id=9"},{"@type":"ListItem","position":3,"name":"Deluxe Wellness Bundle"}]},{"@type":"WebSite","@id":"https:\/\/bfairies.com\/#website","url":"https:\/\/bfairies.com\/","name":"Black Fairies","description":"Quality at your service","potentialAction":[{"@type":"SearchAction","target":{"@type":"EntryPoint","urlTemplate":"https:\/\/bfairies.com\/?s={search_term_string}"},"query-input":{"@type":"PropertyValueSpecification","valueRequired":true,"valueName":"search_term_string"}}],"inLanguage":"en-US"}]}},"_links":{"self":[{"href":"https:\/\/bfairies.com\/index.php?rest_route=\/wp\/v2\/product\/63","targetHints":{"allow":["GET"]}}],"collection":[{"href":"https:\/\/bfairies.com\/index.php?rest_route=\/wp\/v2\/product"}],"about":[{"href":"https:\/\/bfairies.com\/index.php?rest_route=\/wp\/v2\/types\/product"}],"replies":[{"embeddable":true,"href":"https:\/\/bfairies.com\/index.php?rest_route=%2Fwp%2Fv2%2Fcomments&post=63"}],"wp:featuredmedia":[{"embeddable":true,"href":"https:\/\/bfairies.com\/index.php?rest_route=\/wp\/v2\/media\/64"}],"wp:attachment":[{"href":"https:\/\/bfairies.com\/index.php?rest_route=%2Fwp%2Fv2%2Fmedia&parent=63"}],"wp:term":[{"taxonomy":"product_brand","embeddable":true,"href":"https:\/\/bfairies.com\/index.php?rest_route=%2Fwp%2Fv2%2Fproduct_brand&post=63"},{"taxonomy":"product_cat","embeddable":true,"href":"https:\/\/bfairies.com\/index.php?rest_route=%2Fwp%2Fv2%2Fproduct_cat&post=63"},{"taxonomy":"product_tag","embeddable":true,"href":"https:\/\/bfairies.com\/index.php?rest_route=%2Fwp%2Fv2%2Fproduct_tag&post=63"}],"curies":[{"name":"wp","href":"https:\/\/api.w.org\/{rel}","templated":true}]}}